{"id":2964,"date":"2024-07-02T09:41:22","date_gmt":"2024-07-02T07:41:22","guid":{"rendered":"https:\/\/pere-vila.com\/hagamos-que-pase\/"},"modified":"2024-09-03T09:39:23","modified_gmt":"2024-09-03T07:39:23","slug":"hagamos-que-pase","status":"publish","type":"page","link":"https:\/\/pere-vila.com\/es\/hagamos-que-pase\/","title":{"rendered":"Hagamos que pase"},"content":{"rendered":"\t\t<div data-elementor-type=\"wp-page\" data-elementor-id=\"2964\" class=\"elementor elementor-2964 elementor-38\" data-elementor-post-type=\"page\">\n\t\t\t\t<div class=\"elementor-element elementor-element-5e7f7bf e-flex e-con-boxed e-con e-parent\" data-id=\"5e7f7bf\" data-element_type=\"container\">\n\t\t\t\t\t<div class=\"e-con-inner\">\n\t\t\t\t<div class=\"elementor-element elementor-element-8edeee4 elementor-widget elementor-widget-spacer\" data-id=\"8edeee4\" data-element_type=\"widget\" data-widget_type=\"spacer.default\">\n\t\t\t\t<div class=\"elementor-widget-container\">\n\t\t\t<style>\/*! elementor - v3.21.0 - 26-05-2024 *\/\n.elementor-column .elementor-spacer-inner{height:var(--spacer-size)}.e-con{--container-widget-width:100%}.e-con-inner>.elementor-widget-spacer,.e-con>.elementor-widget-spacer{width:var(--container-widget-width,var(--spacer-size));--align-self:var(--container-widget-align-self,initial);--flex-shrink:0}.e-con-inner>.elementor-widget-spacer>.elementor-widget-container,.e-con>.elementor-widget-spacer>.elementor-widget-container{height:100%;width:100%}.e-con-inner>.elementor-widget-spacer>.elementor-widget-container>.elementor-spacer,.e-con>.elementor-widget-spacer>.elementor-widget-container>.elementor-spacer{height:100%}.e-con-inner>.elementor-widget-spacer>.elementor-widget-container>.elementor-spacer>.elementor-spacer-inner,.e-con>.elementor-widget-spacer>.elementor-widget-container>.elementor-spacer>.elementor-spacer-inner{height:var(--container-widget-height,var(--spacer-size))}.e-con-inner>.elementor-widget-spacer.elementor-widget-empty,.e-con>.elementor-widget-spacer.elementor-widget-empty{position:relative;min-height:22px;min-width:22px}.e-con-inner>.elementor-widget-spacer.elementor-widget-empty .elementor-widget-empty-icon,.e-con>.elementor-widget-spacer.elementor-widget-empty .elementor-widget-empty-icon{position:absolute;top:0;bottom:0;left:0;right:0;margin:auto;padding:0;width:22px;height:22px}<\/style>\t\t<div class=\"elementor-spacer\">\n\t\t\t<div class=\"elementor-spacer-inner\"><\/div>\n\t\t<\/div>\n\t\t\t\t<\/div>\n\t\t\t\t<\/div>\n\t\t\t\t<div class=\"elementor-element elementor-element-39603e7 elementor-invisible elementor-widget elementor-widget-heading\" data-id=\"39603e7\" data-element_type=\"widget\" data-settings=\"{&quot;_animation&quot;:&quot;fadeInDown&quot;}\" data-widget_type=\"heading.default\">\n\t\t\t\t<div class=\"elementor-widget-container\">\n\t\t\t<style>\/*! elementor - v3.21.0 - 26-05-2024 *\/\n.elementor-heading-title{padding:0;margin:0;line-height:1}.elementor-widget-heading .elementor-heading-title[class*=elementor-size-]>a{color:inherit;font-size:inherit;line-height:inherit}.elementor-widget-heading .elementor-heading-title.elementor-size-small{font-size:15px}.elementor-widget-heading .elementor-heading-title.elementor-size-medium{font-size:19px}.elementor-widget-heading .elementor-heading-title.elementor-size-large{font-size:29px}.elementor-widget-heading .elementor-heading-title.elementor-size-xl{font-size:39px}.elementor-widget-heading .elementor-heading-title.elementor-size-xxl{font-size:59px}<\/style><h2 class=\"elementor-heading-title elementor-size-default\">Hagamos que pase<\/h2>\t\t<\/div>\n\t\t\t\t<\/div>\n\t\t\t\t<div class=\"elementor-element elementor-element-7f588e7 elementor-widget elementor-widget-spacer\" data-id=\"7f588e7\" data-element_type=\"widget\" data-widget_type=\"spacer.default\">\n\t\t\t\t<div class=\"elementor-widget-container\">\n\t\t\t\t\t<div class=\"elementor-spacer\">\n\t\t\t<div class=\"elementor-spacer-inner\"><\/div>\n\t\t<\/div>\n\t\t\t\t<\/div>\n\t\t\t\t<\/div>\n\t\t\t\t<div class=\"elementor-element elementor-element-07a1a6b elementor-widget elementor-widget-text-editor\" data-id=\"07a1a6b\" data-element_type=\"widget\" data-widget_type=\"text-editor.default\">\n\t\t\t\t<div class=\"elementor-widget-container\">\n\t\t\t<style>\/*! elementor - v3.21.0 - 26-05-2024 *\/\n.elementor-widget-text-editor.elementor-drop-cap-view-stacked .elementor-drop-cap{background-color:#69727d;color:#fff}.elementor-widget-text-editor.elementor-drop-cap-view-framed .elementor-drop-cap{color:#69727d;border:3px solid;background-color:transparent}.elementor-widget-text-editor:not(.elementor-drop-cap-view-default) .elementor-drop-cap{margin-top:8px}.elementor-widget-text-editor:not(.elementor-drop-cap-view-default) .elementor-drop-cap-letter{width:1em;height:1em}.elementor-widget-text-editor .elementor-drop-cap{float:left;text-align:center;line-height:1;font-size:50px}.elementor-widget-text-editor .elementor-drop-cap-letter{display:inline-block}<\/style>\t\t\t\t<p>Lidero y participo en proyectos transformadores centrados en el sector deportivo, la promoci\u00f3n de la salud y el desarrollo de pol\u00edticas deportivas.<\/p>\n\t\t\t\t\t\t<\/div>\n\t\t\t\t<\/div>\n\t\t\t\t\t<\/div>\n\t\t\t\t<\/div>\n\t\t<div class=\"elementor-element elementor-element-77abd93 e-flex e-con-boxed e-con e-parent\" data-id=\"77abd93\" data-element_type=\"container\" data-settings=\"{&quot;background_background&quot;:&quot;video&quot;,&quot;background_video_link&quot;:&quot;https:\\\/\\\/youtu.be\\\/ZlmjAZv6dJc&quot;,&quot;background_play_on_mobile&quot;:&quot;yes&quot;}\">\n\t\t\t\t\t<div class=\"e-con-inner\">\n\t\t<div class=\"elementor-background-video-container\">\n\t\t\t\t\t\t\t<div class=\"elementor-background-video-embed\"><\/div>\n\t\t\t\t\t\t<\/div>\t\t<div class=\"elementor-element elementor-element-07ce737 elementor-widget__width-inherit elementor-widget elementor-widget-heading\" data-id=\"07ce737\" data-element_type=\"widget\" data-settings=\"{&quot;motion_fx_motion_fx_scrolling&quot;:&quot;yes&quot;,&quot;motion_fx_translateY_effect&quot;:&quot;yes&quot;,&quot;motion_fx_translateY_affectedRange&quot;:{&quot;unit&quot;:&quot;%&quot;,&quot;size&quot;:&quot;&quot;,&quot;sizes&quot;:{&quot;start&quot;:20,&quot;end&quot;:80}},&quot;motion_fx_translateY_speed&quot;:{&quot;unit&quot;:&quot;px&quot;,&quot;size&quot;:4,&quot;sizes&quot;:[]},&quot;motion_fx_devices&quot;:[&quot;desktop&quot;,&quot;tablet&quot;,&quot;mobile&quot;]}\" data-widget_type=\"heading.default\">\n\t\t\t\t<div class=\"elementor-widget-container\">\n\t\t\t<h1 class=\"elementor-heading-title elementor-size-default\">Liderando proyectos transformadores<\/h1>\t\t<\/div>\n\t\t\t\t<\/div>\n\t\t\t\t\t<\/div>\n\t\t\t\t<\/div>\n\t\t<div class=\"elementor-element elementor-element-1724401 e-flex e-con-boxed e-con e-parent\" data-id=\"1724401\" data-element_type=\"container\">\n\t\t\t\t\t<div class=\"e-con-inner\">\n\t\t\t\t<div class=\"elementor-element elementor-element-ae5c273 elementor-widget elementor-widget-spacer\" data-id=\"ae5c273\" data-element_type=\"widget\" data-widget_type=\"spacer.default\">\n\t\t\t\t<div class=\"elementor-widget-container\">\n\t\t\t\t\t<div class=\"elementor-spacer\">\n\t\t\t<div class=\"elementor-spacer-inner\"><\/div>\n\t\t<\/div>\n\t\t\t\t<\/div>\n\t\t\t\t<\/div>\n\t\t\t\t<div class=\"elementor-element elementor-element-c3209e7 elementor-widget elementor-widget-text-editor\" data-id=\"c3209e7\" data-element_type=\"widget\" data-widget_type=\"text-editor.default\">\n\t\t\t\t<div class=\"elementor-widget-container\">\n\t\t\t\t\t\t\t<p>Gracias a una s\u00f3lida formaci\u00f3n jur\u00eddica y una amplia experiencia en gesti\u00f3n, aporto un enfoque integral para abordar los desaf\u00edos y oportunidades de cada proyecto. Estoy comprometido con impulsar el cambio positivo y generar impacto significativo en la comunidad. <\/p>\n<p>M\u00e1s de quince a\u00f1os de experiencia impulsando ideas, estrategias y proyectos de consultor\u00eda, he ejercido roles de direcci\u00f3n ejecutiva tanto en el sector p\u00fablico como en el privado. Esta trayectoria me ha ofrecido la oportunidad de asesorar y guiar a numerosas empresas, clubes profesionales y administraciones p\u00fablicas en los planes de innovaci\u00f3n estrat\u00e9gica e internacionalizaci\u00f3n. Mi enfoque se centra en la gesti\u00f3n del cambio para conseguir mayor eficiencia y competitividad en los mercados nacional e internacional. Adem\u00e1s, he liderado la implementaci\u00f3n de proyectos estatales en varios pa\u00edses tanto en el mercado americano como europeo.   <\/p>\n\t\t\t\t\t\t<\/div>\n\t\t\t\t<\/div>\n\t\t\t\t<div class=\"elementor-element elementor-element-771f575 elementor-widget elementor-widget-spacer\" data-id=\"771f575\" data-element_type=\"widget\" data-widget_type=\"spacer.default\">\n\t\t\t\t<div class=\"elementor-widget-container\">\n\t\t\t\t\t<div class=\"elementor-spacer\">\n\t\t\t<div class=\"elementor-spacer-inner\"><\/div>\n\t\t<\/div>\n\t\t\t\t<\/div>\n\t\t\t\t<\/div>\n\t\t\t\t\t<\/div>\n\t\t\t\t<\/div>\n\t\t<div class=\"elementor-element elementor-element-3e23449 e-flex e-con-boxed e-con e-parent\" data-id=\"3e23449\" data-element_type=\"container\">\n\t\t\t\t\t<div class=\"e-con-inner\">\n\t\t<div class=\"elementor-element elementor-element-6a65043 e-grid e-con-boxed e-con e-child\" data-id=\"6a65043\" data-element_type=\"container\">\n\t\t\t\t\t<div class=\"e-con-inner\">\n\t\t\t\t<div class=\"elementor-element elementor-element-9e45ada elementor-widget elementor-widget-heading\" data-id=\"9e45ada\" data-element_type=\"widget\" data-settings=\"{&quot;motion_fx_motion_fx_scrolling&quot;:&quot;yes&quot;,&quot;motion_fx_translateY_effect&quot;:&quot;yes&quot;,&quot;motion_fx_translateY_affectedRange&quot;:{&quot;unit&quot;:&quot;%&quot;,&quot;size&quot;:&quot;&quot;,&quot;sizes&quot;:{&quot;start&quot;:20,&quot;end&quot;:80}},&quot;_animation&quot;:&quot;none&quot;,&quot;motion_fx_translateY_speed&quot;:{&quot;unit&quot;:&quot;px&quot;,&quot;size&quot;:4,&quot;sizes&quot;:[]},&quot;motion_fx_devices&quot;:[&quot;desktop&quot;,&quot;tablet&quot;,&quot;mobile&quot;]}\" data-widget_type=\"heading.default\">\n\t\t\t\t<div class=\"elementor-widget-container\">\n\t\t\t<h2 class=\"elementor-heading-title elementor-size-default\">Mi<br>especializaci\u00f3n,<br>por tanto, es<br>mi pasi\u00f3n.<\/h2>\t\t<\/div>\n\t\t\t\t<\/div>\n\t\t\t\t<div class=\"elementor-element elementor-element-d6b2a63 elementor-widget elementor-widget-text-editor\" data-id=\"d6b2a63\" data-element_type=\"widget\" data-widget_type=\"text-editor.default\">\n\t\t\t\t<div class=\"elementor-widget-container\">\n\t\t\t\t\t\t\t<p>Mi experiencia profesional destaca por la colaboraci\u00f3n en proyectos deportivos de renombre, tanto en clubes deportivos de referencia como el FC Barcelona, \u200b\u200bGirona FC y Real Betis Balompi\u00e9 entre otros, como en administraciones p\u00fablicas ya sea de Catalu\u00f1a como otros territorios de Espa\u00f1a como el Pa\u00eds Vasco. En este sentido he tenido el privilegio de desempe\u00f1ar roles clave en el Gobierno de la Generalidad de Catalu\u00f1a, ocupando el cargo de Representante Territorial de Deportes y Actividad F\u00edsica en Barcelona y Catalu\u00f1a Central. Durante mi tiempo en el Gobierno de la Generalitat, tambi\u00e9n ejerc\u00ed las funciones de asesor jur\u00eddico, redactor del proyecto de nueva ley del deporte en Catalu\u00f1a, la gesti\u00f3n jur\u00eddica de la pandemia por la Covid-19 y la relaci\u00f3n con el Gobierno espa\u00f1ol, as\u00ed como la Precandidatura Ol\u00edmpica Pirineos-Barcelona.  <\/p>\n\t\t\t\t\t\t<\/div>\n\t\t\t\t<\/div>\n\t\t\t\t\t<\/div>\n\t\t\t\t<\/div>\n\t\t\t\t\t<\/div>\n\t\t\t\t<\/div>\n\t\t<div class=\"elementor-element elementor-element-56a02db e-flex e-con-boxed e-con e-parent\" data-id=\"56a02db\" data-element_type=\"container\">\n\t\t\t\t\t<div class=\"e-con-inner\">\n\t\t\t\t<div class=\"elementor-element elementor-element-c0b52ce elementor-widget elementor-widget-spacer\" data-id=\"c0b52ce\" data-element_type=\"widget\" data-widget_type=\"spacer.default\">\n\t\t\t\t<div class=\"elementor-widget-container\">\n\t\t\t\t\t<div class=\"elementor-spacer\">\n\t\t\t<div class=\"elementor-spacer-inner\"><\/div>\n\t\t<\/div>\n\t\t\t\t<\/div>\n\t\t\t\t<\/div>\n\t\t\t\t<div class=\"elementor-element elementor-element-a869407 elementor-widget elementor-widget-text-editor\" data-id=\"a869407\" data-element_type=\"widget\" data-widget_type=\"text-editor.default\">\n\t\t\t\t<div class=\"elementor-widget-container\">\n\t\t\t\t\t\t\t<p>Tambi\u00e9n he desarrollado mis habilidades y competencias profesionales vinculadas a la digitalizaci\u00f3n deportiva impulsando proyectos como Esport+ (esportplus.tv), Eivo.tv y Euskalkirola.tb, en los que hemos participado activamente para desarrollar el modelo de negocio, implementar las acciones, cerrar acuerdos nacionales y tambi\u00e9n internacionales, y sobre todo proyectar el deporte catal\u00e1n en todo el mundo.<\/p>\n\t\t\t\t\t\t<\/div>\n\t\t\t\t<\/div>\n\t\t\t\t<div class=\"elementor-element elementor-element-e229b19 elementor-widget elementor-widget-spacer\" data-id=\"e229b19\" data-element_type=\"widget\" data-widget_type=\"spacer.default\">\n\t\t\t\t<div class=\"elementor-widget-container\">\n\t\t\t\t\t<div class=\"elementor-spacer\">\n\t\t\t<div class=\"elementor-spacer-inner\"><\/div>\n\t\t<\/div>\n\t\t\t\t<\/div>\n\t\t\t\t<\/div>\n\t\t\t\t\t<\/div>\n\t\t\t\t<\/div>\n\t\t<div class=\"elementor-element elementor-element-48c9dfa e-flex e-con-boxed e-con e-parent\" data-id=\"48c9dfa\" data-element_type=\"container\">\n\t\t\t\t\t<div class=\"e-con-inner\">\n\t\t<div class=\"elementor-element elementor-element-7f67a3c e-grid e-con-boxed e-con e-child\" data-id=\"7f67a3c\" data-element_type=\"container\">\n\t\t\t\t\t<div class=\"e-con-inner\">\n\t\t\t\t<div class=\"elementor-element elementor-element-4773f5c elementor-widget elementor-widget-text-editor\" data-id=\"4773f5c\" data-element_type=\"widget\" data-widget_type=\"text-editor.default\">\n\t\t\t\t<div class=\"elementor-widget-container\">\n\t\t\t\t\t\t\t<p>La tecnolog\u00eda aplicada al sector deportivo, y en especial el uso de la inteligencia artificial, ha marcado y est\u00e1 marcando una especializaci\u00f3n en la que aportamos conocimiento y experiencia ofreciendo soluciones enfocadas al seguimiento masivo de eventos deportivos, as\u00ed como an\u00e1lisis individual por la prevenci\u00f3n de lesiones, rendimiento deportivo, detecci\u00f3n precoz y optimizaci\u00f3n de la gesti\u00f3n deportiva. La participaci\u00f3n activa en proyectos como Ergodinamica Cl\u00ednica, Medical On Sports Solutions, Sportsvisio y S3techsport son ejemplo de iniciativas empresariales basadas en aplicaci\u00f3n de la tecnolog\u00eda e IA a la salud de las personas como pr\u00e1ctica deportiva, rendimiento y prevenci\u00f3n de lesiones. <\/p>\n\t\t\t\t\t\t<\/div>\n\t\t\t\t<\/div>\n\t\t\t\t<div class=\"elementor-element elementor-element-db337fd elementor-widget elementor-widget-heading\" data-id=\"db337fd\" data-element_type=\"widget\" data-settings=\"{&quot;motion_fx_motion_fx_scrolling&quot;:&quot;yes&quot;,&quot;motion_fx_translateY_effect&quot;:&quot;yes&quot;,&quot;motion_fx_translateY_affectedRange&quot;:{&quot;unit&quot;:&quot;%&quot;,&quot;size&quot;:&quot;&quot;,&quot;sizes&quot;:{&quot;start&quot;:20,&quot;end&quot;:80}},&quot;_animation&quot;:&quot;none&quot;,&quot;motion_fx_translateY_speed&quot;:{&quot;unit&quot;:&quot;px&quot;,&quot;size&quot;:4,&quot;sizes&quot;:[]},&quot;motion_fx_devices&quot;:[&quot;desktop&quot;,&quot;tablet&quot;,&quot;mobile&quot;]}\" data-widget_type=\"heading.default\">\n\t\t\t\t<div class=\"elementor-widget-container\">\n\t\t\t<h2 class=\"elementor-heading-title elementor-size-default\">La oportunidad de asesorar y guiar a empresas, clubs y administraciones p\u00fablicas en sus planes de innovaci\u00f3n, estrat\u00e9gica e internacionalizaci\u00f3n.<\/h2>\t\t<\/div>\n\t\t\t\t<\/div>\n\t\t\t\t\t<\/div>\n\t\t\t\t<\/div>\n\t\t\t\t\t<\/div>\n\t\t\t\t<\/div>\n\t\t<div class=\"elementor-element elementor-element-79e7bb3 e-flex e-con-boxed e-con e-parent\" data-id=\"79e7bb3\" data-element_type=\"container\">\n\t\t\t\t\t<div class=\"e-con-inner\">\n\t\t\t\t<div class=\"elementor-element elementor-element-f8e73f6 elementor-widget elementor-widget-spacer\" data-id=\"f8e73f6\" data-element_type=\"widget\" data-widget_type=\"spacer.default\">\n\t\t\t\t<div class=\"elementor-widget-container\">\n\t\t\t\t\t<div class=\"elementor-spacer\">\n\t\t\t<div class=\"elementor-spacer-inner\"><\/div>\n\t\t<\/div>\n\t\t\t\t<\/div>\n\t\t\t\t<\/div>\n\t\t\t\t<div class=\"elementor-element elementor-element-7ace21f elementor-widget elementor-widget-text-editor\" data-id=\"7ace21f\" data-element_type=\"widget\" data-widget_type=\"text-editor.default\">\n\t\t\t\t<div class=\"elementor-widget-container\">\n\t\t\t\t\t\t\t<p><span style=\"color: var( --e-global-color-text );\">Por \u00faltimo, a lo largo de toda mi trayectoria tambi\u00e9n he participado como miembro de diferentes consejos de administraci\u00f3n de empresas as\u00ed como colaborador estrecho de despachos profesionales de abogados, tanto a nivel nacional como internacional, que me han permitido conocer muchas vicisitudes y afrontar retos que en definitiva me configuran como profesional 360\u00ba.<\/span><\/p>\n<p>Mi especializaci\u00f3n, por tanto, es mi pasi\u00f3n. Esto se traslada en todo lo que hago ya todos los proyectos en los que trabajo. Pasi\u00f3n, experiencia y conocimiento profundo.  <\/p>\n\t\t\t\t\t\t<\/div>\n\t\t\t\t<\/div>\n\t\t\t\t<div class=\"elementor-element elementor-element-d2031ea elementor-widget elementor-widget-spacer\" data-id=\"d2031ea\" data-element_type=\"widget\" data-widget_type=\"spacer.default\">\n\t\t\t\t<div class=\"elementor-widget-container\">\n\t\t\t\t\t<div class=\"elementor-spacer\">\n\t\t\t<div class=\"elementor-spacer-inner\"><\/div>\n\t\t<\/div>\n\t\t\t\t<\/div>\n\t\t\t\t<\/div>\n\t\t\t\t\t<\/div>\n\t\t\t\t<\/div>\n\t\t<div class=\"elementor-element elementor-element-8e52e32 e-flex e-con-boxed e-con e-parent\" data-id=\"8e52e32\" data-element_type=\"container\" data-settings=\"{&quot;background_background&quot;:&quot;classic&quot;}\">\n\t\t\t\t\t<div class=\"e-con-inner\">\n\t\t\t\t<div class=\"elementor-element elementor-element-3768891 elementor-widget__width-inherit elementor-widget elementor-widget-heading\" data-id=\"3768891\" data-element_type=\"widget\" data-settings=\"{&quot;motion_fx_motion_fx_scrolling&quot;:&quot;yes&quot;,&quot;motion_fx_translateY_effect&quot;:&quot;yes&quot;,&quot;motion_fx_translateY_affectedRange&quot;:{&quot;unit&quot;:&quot;%&quot;,&quot;size&quot;:&quot;&quot;,&quot;sizes&quot;:{&quot;start&quot;:20,&quot;end&quot;:80}},&quot;motion_fx_translateY_speed&quot;:{&quot;unit&quot;:&quot;px&quot;,&quot;size&quot;:4,&quot;sizes&quot;:[]},&quot;motion_fx_devices&quot;:[&quot;desktop&quot;,&quot;tablet&quot;,&quot;mobile&quot;]}\" data-widget_type=\"heading.default\">\n\t\t\t\t<div class=\"elementor-widget-container\">\n\t\t\t<h1 class=\"elementor-heading-title elementor-size-default\">Curr\u00edculum<\/h1>\t\t<\/div>\n\t\t\t\t<\/div>\n\t\t\t\t\t<\/div>\n\t\t\t\t<\/div>\n\t\t<div class=\"elementor-element elementor-element-7b9f8e7 e-flex e-con-boxed e-con e-parent\" data-id=\"7b9f8e7\" data-element_type=\"container\">\n\t\t\t\t\t<div class=\"e-con-inner\">\n\t\t<div class=\"elementor-element elementor-element-3f921c0 e-con-full e-flex e-con e-child\" data-id=\"3f921c0\" data-element_type=\"container\">\n\t\t\t\t<div class=\"elementor-element elementor-element-3125b18 elementor-widget elementor-widget-spacer\" data-id=\"3125b18\" data-element_type=\"widget\" data-widget_type=\"spacer.default\">\n\t\t\t\t<div class=\"elementor-widget-container\">\n\t\t\t\t\t<div class=\"elementor-spacer\">\n\t\t\t<div class=\"elementor-spacer-inner\"><\/div>\n\t\t<\/div>\n\t\t\t\t<\/div>\n\t\t\t\t<\/div>\n\t\t\t\t<div class=\"elementor-element elementor-element-ac330cb elementor-widget elementor-widget-heading\" data-id=\"ac330cb\" data-element_type=\"widget\" data-widget_type=\"heading.default\">\n\t\t\t\t<div class=\"elementor-widget-container\">\n\t\t\t<h2 class=\"elementor-heading-title elementor-size-default\">Formaci\u00f3n<\/h2>\t\t<\/div>\n\t\t\t\t<\/div>\n\t\t\t\t<div class=\"elementor-element elementor-element-8dfd78d elementor-widget elementor-widget-text-editor\" data-id=\"8dfd78d\" data-element_type=\"widget\" data-widget_type=\"text-editor.default\">\n\t\t\t\t<div class=\"elementor-widget-container\">\n\t\t\t\t\t\t\t<p>Diplomado en educaci\u00f3n f\u00edsica y educaci\u00f3n primaria por la Universidad de Barcelona<\/p>\n<p>Graduado en derecho por la Universidad Abierta de Catalu\u00f1a<\/p>\n<p>M\u00e1ster en Derecho del deporte por INEFC y Universidad de Lleida<\/p>\n<p>M\u00e1ster en Direcci\u00f3n y Gesti\u00f3n de empresas por EAE Business School<\/p>\n<p>Post grado en Derecho internacional privado por The Hague Academy of International Law<\/p><\/p>\n\t\t\t\t\t\t<\/div>\n\t\t\t\t<\/div>\n\t\t\t\t<\/div>\n\t\t<div class=\"elementor-element elementor-element-ea27b55 e-con-full e-flex e-con e-child\" data-id=\"ea27b55\" data-element_type=\"container\">\n\t\t\t\t<div class=\"elementor-element elementor-element-6100b3b elementor-widget elementor-widget-spacer\" data-id=\"6100b3b\" data-element_type=\"widget\" data-widget_type=\"spacer.default\">\n\t\t\t\t<div class=\"elementor-widget-container\">\n\t\t\t\t\t<div class=\"elementor-spacer\">\n\t\t\t<div class=\"elementor-spacer-inner\"><\/div>\n\t\t<\/div>\n\t\t\t\t<\/div>\n\t\t\t\t<\/div>\n\t\t\t\t<div class=\"elementor-element elementor-element-ddb5235 elementor-widget elementor-widget-heading\" data-id=\"ddb5235\" data-element_type=\"widget\" data-widget_type=\"heading.default\">\n\t\t\t\t<div class=\"elementor-widget-container\">\n\t\t\t<h2 class=\"elementor-heading-title elementor-size-default\">.<\/h2>\t\t<\/div>\n\t\t\t\t<\/div>\n\t\t\t\t<div class=\"elementor-element elementor-element-dcd79be elementor-widget elementor-widget-text-editor\" data-id=\"dcd79be\" data-element_type=\"widget\" data-widget_type=\"text-editor.default\">\n\t\t\t\t<div class=\"elementor-widget-container\">\n\t\t\t\t\t\t\t<p>Estudios de doctorado por la UDG en derecho del deporte y derecho p\u00fablico con la tesis sobre las \u201cAyudas de estado al f\u00fatbol profesional espa\u00f1ol. Posicionamiento y doctrina del TSJUE\u201d y la tesina sobre \u201cel procedimiento sancionador por dopaje en el marco de la FINA (Federaci\u00f3n Internacional de Nataci\u00f3n)<\/p>\n<p>Con estudios de especializaci\u00f3n sobre direcci\u00f3n ejecutiva y gesti\u00f3n de proyectos por IESE busniess school, especializaci\u00f3n en derecho del f\u00fatbol por la RFEF y Universidad Juan Carlos de MAdrid; la responsabilidad penal de los menores de edad por la Universidad Oberta de Catalunya, la responsabilidad penal de las personas jur\u00eddicas y los programas de compliance por la Universidad abierta.<\/p>\n\t\t\t\t\t\t<\/div>\n\t\t\t\t<\/div>\n\t\t\t\t<\/div>\n\t\t\t\t\t<\/div>\n\t\t\t\t<\/div>\n\t\t<div class=\"elementor-element elementor-element-566023a e-flex e-con-boxed e-con e-parent\" data-id=\"566023a\" data-element_type=\"container\">\n\t\t\t\t\t<div class=\"e-con-inner\">\n\t\t\t\t<div class=\"elementor-element elementor-element-8b79692 elementor-widget elementor-widget-spacer\" data-id=\"8b79692\" data-element_type=\"widget\" data-widget_type=\"spacer.default\">\n\t\t\t\t<div class=\"elementor-widget-container\">\n\t\t\t\t\t<div class=\"elementor-spacer\">\n\t\t\t<div class=\"elementor-spacer-inner\"><\/div>\n\t\t<\/div>\n\t\t\t\t<\/div>\n\t\t\t\t<\/div>\n\t\t\t\t\t<\/div>\n\t\t\t\t<\/div>\n\t\t\t\t<\/div>\n\t\t","protected":false},"excerpt":{"rendered":"<p>Hagamos que pase Lidero y participo en proyectos transformadores centrados en el sector deportivo, la promoci\u00f3n de la salud y el desarrollo de pol\u00edticas deportivas. Liderando proyectos transformadores Gracias a una s\u00f3lida formaci\u00f3n jur\u00eddica y una amplia experiencia en gesti\u00f3n, aporto un enfoque integral para abordar los desaf\u00edos y oportunidades de cada proyecto. Estoy comprometido [&hellip;]<\/p>\n","protected":false},"author":1,"featured_media":0,"parent":0,"menu_order":0,"comment_status":"closed","ping_status":"closed","template":"","meta":{"footnotes":""},"class_list":["post-2964","page","type-page","status-publish","hentry"],"_links":{"self":[{"href":"https:\/\/pere-vila.com\/es\/wp-json\/wp\/v2\/pages\/2964","targetHints":{"allow":["GET"]}}],"collection":[{"href":"https:\/\/pere-vila.com\/es\/wp-json\/wp\/v2\/pages"}],"about":[{"href":"https:\/\/pere-vila.com\/es\/wp-json\/wp\/v2\/types\/page"}],"author":[{"embeddable":true,"href":"https:\/\/pere-vila.com\/es\/wp-json\/wp\/v2\/users\/1"}],"replies":[{"embeddable":true,"href":"https:\/\/pere-vila.com\/es\/wp-json\/wp\/v2\/comments?post=2964"}],"version-history":[{"count":5,"href":"https:\/\/pere-vila.com\/es\/wp-json\/wp\/v2\/pages\/2964\/revisions"}],"predecessor-version":[{"id":3012,"href":"https:\/\/pere-vila.com\/es\/wp-json\/wp\/v2\/pages\/2964\/revisions\/3012"}],"wp:attachment":[{"href":"https:\/\/pere-vila.com\/es\/wp-json\/wp\/v2\/media?parent=2964"}],"curies":[{"name":"wp","href":"https:\/\/api.w.org\/{rel}","templated":true}]}}